{"id":46,"date":"2020-12-08T14:51:13","date_gmt":"2020-12-08T14:51:13","guid":{"rendered":"https:\/\/cecile-fiorina-infirmiere.ch\/wp\/?page_id=46"},"modified":"2022-10-27T14:07:07","modified_gmt":"2022-10-27T14:07:07","slug":"hypnose","status":"publish","type":"page","link":"https:\/\/cecile-fiorina-infirmiere.ch\/wp\/hypnose\/","title":{"rendered":"www.hypnose-fiorina.ch"},"content":{"rendered":"\n<div class=\"wp-container-1 wp-block-buttons\">\n<div class=\"wp-block-button\"><a class=\"wp-block-button__link\" href=\"https:\/\/hypnosefiorina.wordpress.com\/\">pour aller vers mon activit\u00e9 d&rsquo;hypnose<\/a><\/div>\n<\/div>\n\n\n\n<p>J\u2019ai suivi deux formations en hypnose. Une en France (\u00e0 l\u2019ARCHE) ouverte \u00e0 tous qui m\u2019a appris les bases techniques et des outils d\u2019accompagnement en d\u00e9veloppement personnel. Et en Suisse j&rsquo;ai fait une formation post HES: un CAS en \u00ab&nbsp;Art et techniques hypnotique dans le domaine de la sant\u00e9 et du social&nbsp;\u00bb o\u00f9 j\u2019ai revu un peu de technique mais ou j\u2019ai surtout appris \u00e0 les int\u00e9grer dans mon m\u00e9tier. .<\/p>\n\n\n\n<p>Depuis  2022, je consacre un jour par semaine , le vendredi \u00e0 l&rsquo;accompagnement par l&rsquo;hypnose. J&rsquo;accompagne volontiers tout ce qui touche le comportement alimentaire, les probl\u00e9matiques en lien avec le poids, Je transmets des techniques hypnotiques pour surmonter la douleur, pour augmenter la motivation afin d&rsquo; accomplir des petites et de grandes choses. Enfin, dans n&rsquo;importe quel contexte, si vous pensez que l &lsquo;hypnose peut vous aider , demandez et on regardera ensemble si l&rsquo;hypnose est l&rsquo;outil ad\u00e9quat et si je suis la personne qui convient pour vous accompagner.<\/p>\n\n\n\n<p>Comment cela se passe?<\/p>\n\n\n\n<p>Vous choisissez un rendez vous qui vous convient sur l&rsquo;agendas en ligne. <\/p>\n\n\n\n<p><a href=\"https:\/\/cecilefiorina.simplybook.it\/v2\/#\">https:\/\/cecilefiorina.simplybook.it\/v2\/#<\/a><\/p>\n\n\n\n<p>Ce premier choix ne vous engage a rien. Vous recevrez un mail qui explique comment je travail selon le domaine concern\u00e9, et je vous demanderai de remplir un questionnaire et de me le renvoyer. Ce questionnaire est le premier pas de votre accompagnement , remplissez le s\u00e9rieusement. C&rsquo;est seulement une fois le questionnaire renvoy\u00e9(au plus tard 48h avant ) que votre rendez vous est confirm\u00e9. Par contre si apr\u00e8s avoir lu le mail, vous pensez que mon accompagnement ne vous conviendra pas, Aillez la gentillesse d&rsquo;annuler votre rdv au plus vite pour laisser la place a une autre personne.<\/p>\n\n\n\n<div class=\"wp-container-2 wp-block-buttons\">\n<div class=\"wp-block-button\"><a class=\"wp-block-button__link\" href=\"https:\/\/hypnosefiorina.wordpress.com\/\" target=\"_blank\" rel=\"noreferrer noopener\">vers mon activit\u00e9 d&rsquo;hypnose<\/a><\/div>\n<\/div>\n","protected":false},"excerpt":{"rendered":"<p>J\u2019ai suivi deux formations en hypnose. Une en France (\u00e0 l\u2019ARCHE) ouverte \u00e0 tous qui m\u2019a appris les bases techniques et des outils d\u2019accompagnement en d\u00e9veloppement personnel. Et en Suisse j&rsquo;ai fait une formation post HES: un CAS en \u00ab&nbsp;Art et techniques hypnotique dans le domaine de la sant\u00e9 et du social&nbsp;\u00bb o\u00f9 j\u2019ai revu [&hellip;]<\/p>\n","protected":false},"author":1,"featured_media":0,"parent":0,"menu_order":0,"comment_status":"closed","ping_status":"closed","template":"","meta":[],"_links":{"self":[{"href":"https:\/\/cecile-fiorina-infirmiere.ch\/wp\/wp-json\/wp\/v2\/pages\/46"}],"collection":[{"href":"https:\/\/cecile-fiorina-infirmiere.ch\/wp\/wp-json\/wp\/v2\/pages"}],"about":[{"href":"https:\/\/cecile-fiorina-infirmiere.ch\/wp\/wp-json\/wp\/v2\/types\/page"}],"author":[{"embeddable":true,"href":"https:\/\/cecile-fiorina-infirmiere.ch\/wp\/wp-json\/wp\/v2\/users\/1"}],"replies":[{"embeddable":true,"href":"https:\/\/cecile-fiorina-infirmiere.ch\/wp\/wp-json\/wp\/v2\/comments?post=46"}],"version-history":[{"count":10,"href":"https:\/\/cecile-fiorina-infirmiere.ch\/wp\/wp-json\/wp\/v2\/pages\/46\/revisions"}],"predecessor-version":[{"id":97,"href":"https:\/\/cecile-fiorina-infirmiere.ch\/wp\/wp-json\/wp\/v2\/pages\/46\/revisions\/97"}],"wp:attachment":[{"href":"https:\/\/cecile-fiorina-infirmiere.ch\/wp\/wp-json\/wp\/v2\/media?parent=46"}],"curies":[{"name":"wp","href":"https:\/\/api.w.org\/{rel}","templated":true}]}}